{"id":4093,"date":"2025-12-22T14:32:24","date_gmt":"2025-12-22T11:32:24","guid":{"rendered":"https:\/\/rastrodemo.com.tr\/?page_id=4093"},"modified":"2026-04-06T23:17:34","modified_gmt":"2026-04-06T20:17:34","slug":"egitim","status":"publish","type":"page","link":"https:\/\/reboosttech.com\/en\/egitim\/","title":{"rendered":"Training"},"content":{"rendered":"<div data-elementor-type=\"wp-page\" data-elementor-id=\"4093\" class=\"elementor elementor-4093\">\n\t\t\t\t\t\t<section class=\"elementor-section elementor-top-section elementor-element elementor-element-a979fcf parallax-img elementor-section-boxed elementor-section-height-default elementor-section-height-default\" data-id=\"a979fcf\" data-element_type=\"section\" data-e-type=\"section\" data-settings=\"{&quot;background_background&quot;:&quot;classic&quot;}\">\n\t\t\t\t\t\t<div class=\"elementor-container elementor-column-gap-default\">\n\t\t\t\t\t<div class=\"elementor-column elementor-col-100 elementor-top-column elementor-element elementor-element-761dde21\" data-id=\"761dde21\" data-element_type=\"column\" data-e-type=\"column\">\n\t\t\t<div class=\"elementor-widget-wrap elementor-element-populated\">\n\t\t\t\t\t\t<div class=\"elementor-element elementor-element-772604ed elementor-widget elementor-widget-go-s-heading\" data-id=\"772604ed\" data-element_type=\"widget\" data-e-type=\"widget\" data-widget_type=\"go-s-heading.default\">\n\t\t\t\t<div class=\"elementor-widget-container\">\n\t\t\t\t\t\n<div class=\"ftc-blog-1-scn-title prthalign\">\n    <h1 class=\"elementor-gt-heading ftc-section-title-1 ftc-font-700 has-color-white ftc-split-threed ftc-split-text\">Training<\/h1>            <div class=\"elementor-gt-desc ftc-para-1 wow fadeInUp\">\n                    <\/div>\n    <\/div>\t\t\t\t<\/div>\n\t\t\t\t<\/div>\n\t\t\t\t<div class=\"elementor-element elementor-element-cc6f6e7 elementor-widget elementor-widget-html\" data-id=\"cc6f6e7\" data-element_type=\"widget\" data-e-type=\"widget\" data-widget_type=\"html.default\">\n\t\t\t\t\t<style>\n:root{\n  --c:#dd8448;\n  --cl:oklch(from var(--c) l c h);\n  --g:oklch(from var(--c) 0.3 calc(c\/2) h\/.4);\n  --n:oklch(0.185 0 0);\n  --wrapPadY:2rem;\n  --wrapPadX:clamp(16px,4vw,48px);\n  --r:2rem;\n}\n\n*{\n  margin:0;\n  padding:0;\n  box-sizing:border-box;\n}\n\nbody{\n  font-family:system-ui,-apple-system,sans-serif;\n  background:oklch(.145 0 0);\n  color:oklch(.985 0 0);\n  min-height:100vh;\n  overflow-x:hidden;\n}\n\nmain{\n  width:100%;\n  margin-inline:auto;\n  padding:var(--wrapPadY) var(--wrapPadX);\n}\n\n.grid{\n  display:grid;\n  grid-template-columns:repeat(2,minmax(0,1fr));\n  gap:clamp(20px,2.4vw,40px);\n  width:100%;\n}\n\n.card{\n  position:relative;\n  min-height:clamp(360px,32vw,520px);\n  display:grid;\n  align-items:end;\n  overflow:hidden;\n  isolation:isolate;\n  border-radius:var(--r);\n  padding:2px;\n  background:\n    linear-gradient(-30deg,var(--g),transparent,var(--g)),\n    linear-gradient(to bottom,var(--n),var(--n));\n  transition:transform .22s ease;\n}\n\n.card:hover{\n  transform:scale(1.015);\n}\n\n.card::before{\n  content:\"\";\n  position:absolute;\n  inset:2px;\n  z-index:-3;\n  border-radius:calc(var(--r) - 2px);\n  background-image:var(--bg);\n  background-size:cover;\n  background-position:center;\n  background-repeat:no-repeat;\n  transform:scale(1.01);\n  transition:transform .55s ease;\n}\n\n.card:hover::before{\n  transform:scale(1.05);\n}\n\n.card::after{\n  content:\"\";\n  position:absolute;\n  inset:2px;\n  z-index:-2;\n  border-radius:calc(var(--r) - 2px);\n  background:\n    linear-gradient(180deg, rgba(5,5,25,.10) 0%, rgba(5,5,25,.42) 42%, rgba(5,5,25,.96) 100%),\n    linear-gradient(30deg, rgba(221,132,72,.22), transparent 40%, rgba(0,0,0,.18));\n  pointer-events:none;\n}\n\n.card-frame{\n  position:absolute;\n  inset:0;\n  z-index:-1;\n  border-radius:var(--r);\n  pointer-events:none;\n  border:2px solid rgba(221,132,72,.55);\n  box-shadow:\n    inset 0 0 0 1px rgba(255,255,255,.06),\n    0 0 20px rgba(221,132,72,.14);\n}\n\n.content{\n  position:relative;\n  z-index:1;\n  display:grid;\n  gap:16px;\n  width:100%;\n  padding:clamp(24px,3vw,48px);\n}\n\n.tag{\n  width:fit-content;\n  padding:8px 16px;\n  border-radius:14px;\n  text-transform:uppercase;\n  font-weight:700;\n  font-size:14px;\n  color:rgba(255,255,255,.86);\n  background:\n    radial-gradient(47.2% 50% at 50.39% 88.37%,rgba(255,255,255,.12) 0,rgba(255,255,255,0) 100%),\n    rgba(255,255,255,.08);\n  position:relative;\n  backdrop-filter:blur(10px);\n  -webkit-backdrop-filter:blur(10px);\n}\n\n.tag:before{\n  content:\"\";\n  position:absolute;\n  inset:0;\n  padding:1px;\n  border-radius:inherit;\n  pointer-events:none;\n  background:linear-gradient(\n    150deg,\n    rgba(255,255,255,.48) 16.73%,\n    rgba(255,255,255,.08) 30.2%,\n    rgba(255,255,255,.08) 68.2%,\n    rgba(255,255,255,.6) 81.89%\n  );\n  mask:linear-gradient(#fff 0 0) content-box,linear-gradient(#fff 0 0);\n  mask-composite:xor;\n  -webkit-mask-composite:xor;\n}\n\nh3{\n  margin:0;\n  max-width:16ch;\n  font-size:clamp(26px,2.2vw,40px);\n  font-weight:600;\n  line-height:1.05;\n  text-wrap:balance;\n}\n\n.card-line{\n  width:100%;\n  height:1px;\n  background:currentColor;\n  opacity:.14;\n  mask-image:linear-gradient(to right,transparent,#000,transparent);\n  -webkit-mask-image:linear-gradient(to right,transparent,#000,transparent);\n}\n\np{\n  margin:0;\n  max-width:64ch;\n  opacity:.82;\n  line-height:1.55;\n  font-size:clamp(14px,1.05vw,18px);\n}\n\n\/* tablet *\/\n@media (max-width:1024px){\n  .grid{\n    grid-template-columns:repeat(2,minmax(0,1fr));\n    gap:24px;\n  }\n\n  .card{\n    min-height:420px;\n  }\n\n  .content{\n    padding:28px;\n    gap:14px;\n  }\n\n  h3{\n    font-size:clamp(24px,3vw,32px);\n  }\n\n  p{\n    font-size:15px;\n    line-height:1.55;\n  }\n}\n\n\/* smaller tablets \/ large phones *\/\n@media (max-width:900px){\n  .grid{\n    grid-template-columns:1fr;\n    gap:22px;\n  }\n\n  .card{\n    max-width:680px;\n    width:100%;\n    min-height:380px;\n    margin-inline:auto;\n  }\n}\n\n\/* mobile *\/\n@media (max-width:767px){\n  main{\n    padding:20px 16px;\n  }\n\n  .grid{\n    grid-template-columns:1fr;\n    gap:20px;\n  }\n\n  .card{\n    max-width:100%;\n    min-height:auto;\n    aspect-ratio:auto;\n  }\n\n  .content{\n    min-height:360px;\n    align-content:end;\n    padding:22px;\n    gap:12px;\n  }\n\n  .tag{\n    font-size:12px;\n    padding:7px 14px;\n  }\n\n  h3{\n    font-size:clamp(24px,7vw,32px);\n    max-width:14ch;\n  }\n\n  p{\n    font-size:14px;\n    line-height:1.58;\n  }\n}\n\n@media (max-width:420px){\n  .content{\n    min-height:400px;\n  }\n}\n<\/style>\n\n<main>\n  <section class=\"grid\">\n    <article class=\"card\" style=\"--bg:url('https:\/\/reboosttech.com\/wp-content\/uploads\/2026\/01\/akademikisbirligi.avif')\">\n      <span class=\"card-frame\"><\/span>\n      <div class=\"content\">\n        <div class=\"tag\">#1<\/div>\n        <h3>Academic Collaboration<\/h3>\n        <div class=\"card-line\"><\/div>\n        <p>In collaboration with our partner OzUBEX, based within \u00d6zye\u011fin University, we offer specialized training programs tailored to production-oriented transformation needs.<\/p>\n      <\/div>\n    <\/article>\n\n    <article class=\"card\" style=\"--bg:url('https:\/\/reboosttech.com\/wp-content\/uploads\/2026\/01\/insangelisimi.avif')\">\n      <span class=\"card-frame\"><\/span>\n      <div class=\"content\">\n        <div class=\"tag\">#2<\/div>\n        <h3>Human Capital Development<\/h3>\n        <div class=\"card-line\"><\/div>\n        <p>At Reboost Tech, we place human resource development at the core of our strategy to ensure that digital and green transformation processes are sustainable and permanent.<\/p>\n      <\/div>\n    <\/article>\n\n    <article class=\"card\" style=\"--bg:url('https:\/\/reboosttech.com\/wp-content\/uploads\/2026\/01\/yetkinlikkazandirma.avif')\">\n      <span class=\"card-frame\"><\/span>\n      <div class=\"content\">\n        <div class=\"tag\">#3<\/div>\n        <h3>Competency Building<\/h3>\n        <div class=\"card-line\"><\/div>\n        <p>Our training programs aim to build high-level competencies in digitalization, sustainability, and next-generation technologies.<\/p>\n      <\/div>\n    <\/article>\n\n    <article class=\"card\" style=\"--bg:url('https:\/\/reboosttech.com\/wp-content\/uploads\/2026\/01\/uygulamaliogrenme.avif')\">\n      <span class=\"card-frame\"><\/span>\n      <div class=\"content\">\n        <div class=\"tag\">#4<\/div>\n        <h3>Applied Learning<\/h3>\n        <div class=\"card-line\"><\/div>\n        <p>By bridging theoretical knowledge with practical applications, we empower employees to actively participate in and lead transformation processes.<\/p>\n      <\/div>\n    <\/article>\n  <\/section>\n<\/main>\n\t\t\t\t<\/div>\n\t\t\t\t\t<\/div>\n\t\t<\/div>\n\t\t\t\t\t<\/div>\n\t\t<\/section>\n\t\t\t\t<section class=\"elementor-section elementor-top-section elementor-element elementor-element-18db4d8 elementor-section-boxed elementor-section-height-default elementor-section-height-default\" data-id=\"18db4d8\" data-element_type=\"section\" data-e-type=\"section\" data-settings=\"{&quot;background_background&quot;:&quot;gradient&quot;}\">\n\t\t\t\t\t\t<div class=\"elementor-container elementor-column-gap-default\">\n\t\t\t\t\t<div class=\"elementor-column elementor-col-25 elementor-top-column elementor-element elementor-element-38b6f21\" data-id=\"38b6f21\" data-element_type=\"column\" data-e-type=\"column\">\n\t\t\t<div class=\"elementor-widget-wrap elementor-element-populated\">\n\t\t\t\t\t\t<div class=\"elementor-element elementor-element-73a3871 elementor-widget elementor-widget-go-counter\" data-id=\"73a3871\" data-element_type=\"widget\" data-e-type=\"widget\" data-widget_type=\"go-counter.default\">\n\t\t\t\t<div class=\"elementor-widget-container\">\n\t\t\t\t\t<div class=\"ftc-achieve-counter-3-item d-flex align-items-center\">\n    <h4 class=\"item-number ftc-heading-2  ftc-font-700 text-lowercase\"><span class=\"counter\">35<\/span><\/h4>\n            <img decoding=\"async\" src=\"https:\/\/reboosttech.com\/wp-content\/uploads\/2025\/12\/achive-2-icon.avif\" class=\"icon\" alt=\"\">\n        <h5 class=\"ftc-para-2 item-title wow\" data-splitting>Partners<\/h5>\n<\/div>\t\t\t\t<\/div>\n\t\t\t\t<\/div>\n\t\t\t\t\t<\/div>\n\t\t<\/div>\n\t\t\t\t<div class=\"elementor-column elementor-col-25 elementor-top-column elementor-element elementor-element-fedbb26\" data-id=\"fedbb26\" data-element_type=\"column\" data-e-type=\"column\">\n\t\t\t<div class=\"elementor-widget-wrap elementor-element-populated\">\n\t\t\t\t\t\t<div class=\"elementor-element elementor-element-bbe72f9 elementor-widget elementor-widget-go-counter\" data-id=\"bbe72f9\" data-element_type=\"widget\" data-e-type=\"widget\" data-widget_type=\"go-counter.default\">\n\t\t\t\t<div class=\"elementor-widget-container\">\n\t\t\t\t\t<div class=\"ftc-achieve-counter-3-item d-flex align-items-center\">\n    <h4 class=\"item-number ftc-heading-2  ftc-font-700 text-lowercase\"><span class=\"counter\">26<\/span><\/h4>\n            <img decoding=\"async\" src=\"https:\/\/reboosttech.com\/wp-content\/uploads\/2025\/12\/achive-2-icon.avif\" class=\"icon\" alt=\"\">\n        <h5 class=\"ftc-para-2 item-title wow\" data-splitting>Sucessful Application<\/h5>\n<\/div>\t\t\t\t<\/div>\n\t\t\t\t<\/div>\n\t\t\t\t\t<\/div>\n\t\t<\/div>\n\t\t\t\t<div class=\"elementor-column elementor-col-25 elementor-top-column elementor-element elementor-element-9c655a4\" data-id=\"9c655a4\" data-element_type=\"column\" data-e-type=\"column\">\n\t\t\t<div class=\"elementor-widget-wrap elementor-element-populated\">\n\t\t\t\t\t\t<div class=\"elementor-element elementor-element-c3c431a elementor-widget elementor-widget-go-counter\" data-id=\"c3c431a\" data-element_type=\"widget\" data-e-type=\"widget\" data-widget_type=\"go-counter.default\">\n\t\t\t\t<div class=\"elementor-widget-container\">\n\t\t\t\t\t<div class=\"ftc-achieve-counter-3-item d-flex align-items-center\">\n    <h4 class=\"item-number ftc-heading-2  ftc-font-700 text-lowercase\"><span class=\"counter\">14<\/span><\/h4>\n            <img decoding=\"async\" src=\"https:\/\/reboosttech.com\/wp-content\/uploads\/2025\/12\/achive-2-icon.avif\" class=\"icon\" alt=\"\">\n        <h5 class=\"ftc-para-2 item-title wow\" data-splitting>Field Applications<\/h5>\n<\/div>\t\t\t\t<\/div>\n\t\t\t\t<\/div>\n\t\t\t\t\t<\/div>\n\t\t<\/div>\n\t\t\t\t<div class=\"elementor-column elementor-col-25 elementor-top-column elementor-element elementor-element-8e8e391\" data-id=\"8e8e391\" data-element_type=\"column\" data-e-type=\"column\">\n\t\t\t<div class=\"elementor-widget-wrap elementor-element-populated\">\n\t\t\t\t\t\t<div class=\"elementor-element elementor-element-f609fd6 elementor-widget elementor-widget-go-counter\" data-id=\"f609fd6\" data-element_type=\"widget\" data-e-type=\"widget\" data-widget_type=\"go-counter.default\">\n\t\t\t\t<div class=\"elementor-widget-container\">\n\t\t\t\t\t<div class=\"ftc-achieve-counter-3-item d-flex align-items-center\">\n    <h4 class=\"item-number ftc-heading-2  ftc-font-700 text-lowercase\"><span class=\"counter\">460<\/span><\/h4>\n            <img decoding=\"async\" src=\"https:\/\/reboosttech.com\/wp-content\/uploads\/2025\/12\/achive-2-icon.avif\" class=\"icon\" alt=\"\">\n        <h5 class=\"ftc-para-2 item-title wow\" data-splitting>Training Hours<\/h5>\n<\/div>\t\t\t\t<\/div>\n\t\t\t\t<\/div>\n\t\t\t\t\t<\/div>\n\t\t<\/div>\n\t\t\t\t\t<\/div>\n\t\t<\/section>\n\t\t\t\t<\/div>","protected":false},"excerpt":{"rendered":"<p>E\u011fitim #1 Akademik \u0130\u015f Birli\u011fi \u00d6zye\u011fin \u00dcniversitesi b\u00fcnyesinde yer alan partnerimiz OzUBEX i\u015f birli\u011fiyle, \u00fcretim odakl\u0131 d\u00f6n\u00fc\u015f\u00fcm ihtiya\u00e7lar\u0131na y\u00f6nelik e\u011fitim programlar\u0131 sunuyoruz. #2 \u0130nsan Geli\u015fimi Reboost Tech olarak, dijital ve ye\u015fil d\u00f6n\u00fc\u015f\u00fcm s\u00fcre\u00e7lerinin kal\u0131c\u0131 olabilmesi i\u00e7in insan kayna\u011f\u0131n\u0131n geli\u015fimini oda\u011f\u0131m\u0131za al\u0131yoruz. #3 Yetkinlik Kazand\u0131rma E\u011fitimlerimiz; dijitalle\u015fme, s\u00fcrd\u00fcr\u00fclebilirlik ve yeni nesil teknolojiler alanlar\u0131nda yetkinlik kazand\u0131rmay\u0131 hedefler. [&hellip;]<\/p>\n","protected":false},"author":1,"featured_media":0,"parent":0,"menu_order":0,"comment_status":"closed","ping_status":"closed","template":"elementor_header_footer","meta":{"footnotes":""},"class_list":["post-4093","page","type-page","status-publish","hentry"],"_links":{"self":[{"href":"https:\/\/reboosttech.com\/en\/wp-json\/wp\/v2\/pages\/4093","targetHints":{"allow":["GET"]}}],"collection":[{"href":"https:\/\/reboosttech.com\/en\/wp-json\/wp\/v2\/pages"}],"about":[{"href":"https:\/\/reboosttech.com\/en\/wp-json\/wp\/v2\/types\/page"}],"author":[{"embeddable":true,"href":"https:\/\/reboosttech.com\/en\/wp-json\/wp\/v2\/users\/1"}],"replies":[{"embeddable":true,"href":"https:\/\/reboosttech.com\/en\/wp-json\/wp\/v2\/comments?post=4093"}],"version-history":[{"count":2,"href":"https:\/\/reboosttech.com\/en\/wp-json\/wp\/v2\/pages\/4093\/revisions"}],"predecessor-version":[{"id":4776,"href":"https:\/\/reboosttech.com\/en\/wp-json\/wp\/v2\/pages\/4093\/revisions\/4776"}],"wp:attachment":[{"href":"https:\/\/reboosttech.com\/en\/wp-json\/wp\/v2\/media?parent=4093"}],"curies":[{"name":"wp","href":"https:\/\/api.w.org\/{rel}","templated":true}]}}